{"id":728,"date":"2016-02-21T13:51:36","date_gmt":"2016-02-21T12:51:36","guid":{"rendered":"http:\/\/forest.it\/?page_id=728&#038;lang=de"},"modified":"2018-10-17T19:53:25","modified_gmt":"2018-10-17T17:53:25","slug":"home-de","status":"publish","type":"page","link":"https:\/\/www.forest.it\/de","title":{"rendered":"Home DE"},"content":{"rendered":"<div class=\"fusion-fullwidth fullwidth-box fusion-builder-row-1 nonhundred-percent-fullwidth non-hundred-percent-height-scrolling\" style=\"background-color: rgba(255,255,255,0);background-position: left top;background-repeat: no-repeat;padding-top:20px;padding-right:0px;padding-bottom:20px;padding-left:0px;margin-bottom: 0px;margin-top: 0px;border-width: 0px 0px 0px 0px;border-color:#eae9e9;border-style:solid;\" ><div class=\"fusion-builder-row fusion-row\"><div class=\"fusion-layout-column fusion_builder_column fusion-builder-column-0 fusion_builder_column_1_1 1_1 fusion-one-full fusion-column-first fusion-column-last fusion-column-no-min-height\" style=\"margin-top:0px;margin-bottom:0px;\"><div class=\"fusion-column-wrapper fusion-flex-column-wrapper-legacy\" style=\"background-position:left top;background-repeat:no-repeat;-webkit-background-size:cover;-moz-background-size:cover;-o-background-size:cover;background-size:cover;padding: 0px 0px 0px 0px;\"><div class=\"fusion-column-content-centered\"><div class=\"fusion-column-content\"><div class=\"fusion-flip-boxes flip-boxes row fusion-columns-3 flip-effect-classic icone-home-flip\"><div class=\"fusion-flip-box-wrapper fusion-column col-lg-4 col-md-4 col-sm-4\"><div class=\"fusion-flip-box flip-right\" tabindex=\"0\"><div class=\"flip-box-inner-wrapper\"><div class=\"flip-box-front\" style=\"background-color:#f6f6f6;border-color:rgba(255,255,255,0);border-radius:4px;border-style:solid;border-width:1px;color:#747474;transition-duration:0.4s;\"><div class=\"flip-box-front-inner\"><div class=\"flip-box-grafix flip-box-image\"><img src=\"http:\/\/forest.it\/wp-content\/uploads\/front-desk-segreteria-contabilita-icone-forest-studio-di-commercialista-bolzano-ragionieri-commercialisti-ortisei-consulenti-del-lavoro-val-gardena-alto-adige.png\" width=\"100\" height=\"100\" alt=\"\" \/><\/div><h2 class=\"flip-box-heading without-text\" style=\"color:#333333;\">Front-desk un Sekretariat<\/h2><\/div><\/div><div class=\"flip-box-back\" style=\"background-color:#ab8b65;border-color:rgba(255,255,255,0);border-radius:4px;border-style:solid;border-width:1px;color:#ffffff;transition-duration:0.4s;\"><div class=\"flip-box-back-inner\">\n<p><a href=\"http:\/\/forest.it\/de\/?p=736\">Unsere Mitarbeiterinnen bieten Ihnen telefonische Unterst\u00fctzung, begr\u00fc\u00dfen Sie in unserer Kanzlei, stehen f\u00fcr das L\u00f6sen von unverz\u00fcglichen F\u00e4llen bereit oder leiten Sie an diejenigen weiter, die sich um Sie k\u00fcmmern werden.<\/a><\/p>\n<\/div><\/div><\/div><\/div><\/div><div class=\"fusion-flip-box-wrapper fusion-column col-lg-4 col-md-4 col-sm-4\"><div class=\"fusion-flip-box flip-right\" tabindex=\"0\"><div class=\"flip-box-inner-wrapper\"><div class=\"flip-box-front\" style=\"background-color:#f6f6f6;border-color:rgba(255,255,255,0);border-radius:4px;border-style:solid;border-width:1px;color:#747474;transition-duration:0.4s;\"><div class=\"flip-box-front-inner\"><div class=\"flip-box-grafix flip-box-image\"><img src=\"http:\/\/forest.it\/wp-content\/uploads\/dichiarazione-dei-redditi-icone-forest-studio-di-commercialista-bolzano-ragionieri-commercialisti-ortisei-consulenti-del-lavoro-val-gardena-alto-adige2.png\" width=\"100\" height=\"100\" alt=\"\" \/><\/div><h2 class=\"flip-box-heading without-text\" style=\"color:#333333;\">Buchhaltung und Steuererkl\u00e4rung<\/h2><\/div><\/div><div class=\"flip-box-back\" style=\"background-color:#ab8b65;border-color:rgba(255,255,255,0);border-radius:4px;border-style:solid;border-width:1px;color:#ffffff;transition-duration:0.4s;\"><div class=\"flip-box-back-inner\">\n<p><a href=\"http:\/\/forest.it\/de\/?p=739\">Wir bieten diesen Service sowohl an Unternehmen, Fachleuten und Verb\u00e4nden an, als auch an diejenigen, die die eigene Steuererkl\u00e4rung vorbereiten m\u00fcssen.<\/a><\/p>\n<\/div><\/div><\/div><\/div><\/div><div class=\"fusion-flip-box-wrapper fusion-column col-lg-4 col-md-4 col-sm-4\"><div class=\"fusion-flip-box flip-right\" tabindex=\"0\"><div class=\"flip-box-inner-wrapper\"><div class=\"flip-box-front\" style=\"background-color:#f6f6f6;border-color:rgba(255,255,255,0);border-radius:4px;border-style:solid;border-width:1px;color:#747474;transition-duration:0.4s;\"><div class=\"flip-box-front-inner\"><div class=\"flip-box-grafix flip-box-image\"><img src=\"http:\/\/forest.it\/wp-content\/uploads\/consulenza-del-lavoro-icone-forest-studio-di-commercialista-bolzano-ragionieri-commercialisti-ortisei-consulenti-del-lavoro-val-gardena-alto-adige.png\" width=\"100\" height=\"100\" alt=\"\" \/><\/div><h2 class=\"flip-box-heading without-text\" style=\"color:#333333;\">Beratung und hochqualifizierte Dienstleistungen<\/h2><\/div><\/div><div class=\"flip-box-back\" style=\"background-color:#ab8b65;border-color:rgba(255,255,255,0);border-radius:4px;border-style:solid;border-width:1px;color:#ffffff;transition-duration:0.4s;\"><div class=\"flip-box-back-inner\">\n<p><a href=\"http:\/\/forest.it\/de\/?p=741\">Ein Termin mit unseren Experten, um komplexe Verfahren anzugehen und um diese zu l\u00f6sen.<\/a><\/p>\n<\/div><\/div><\/div><\/div><\/div><\/div><div class=\"clearfix\"><\/div><\/div><\/div><div class=\"fusion-clearfix\"><\/div><\/div><\/div><div class=\"fusion-layout-column fusion_builder_column fusion-builder-column-1 fusion_builder_column_1_1 1_1 fusion-one-full fusion-column-first fusion-column-last fusion-column-no-min-height\" style=\"margin-top:0px;margin-bottom:0px;\"><div class=\"fusion-column-wrapper fusion-flex-column-wrapper-legacy\" style=\"background-position:left top;background-repeat:no-repeat;-webkit-background-size:cover;-moz-background-size:cover;-o-background-size:cover;background-size:cover;padding: 0px 0px 0px 0px;\"><div class=\"fusion-flip-boxes flip-boxes row fusion-columns-2 flip-effect-classic icone-home-flip\"><div class=\"fusion-flip-box-wrapper fusion-column col-lg-6 col-md-6 col-sm-6\"><div class=\"fusion-flip-box flip-right\" tabindex=\"0\"><div class=\"flip-box-inner-wrapper\"><div class=\"flip-box-front\" style=\"background-color:#f6f6f6;border-color:rgba(255,255,255,0);border-radius:4px;border-style:solid;border-width:1px;color:#747474;transition-duration:0.4s;\"><div class=\"flip-box-front-inner\"><div class=\"flip-box-grafix flip-box-image\"><img src=\"http:\/\/forest.it\/wp-content\/uploads\/consulenza-servizi-ad-alto-contenuto-icone-forest-studio-di-commercialista-bolzano-ragionieri-commercialisti-ortisei-consulenti-del-lavoro-val-gardena-alto-adige.png\" width=\"100\" height=\"100\" alt=\"\" \/><\/div><h2 class=\"flip-box-heading without-text\" style=\"color:#333333;\">Arbeitsberatung<\/h2><\/div><\/div><div class=\"flip-box-back\" style=\"background-color:#ab8b65;border-color:rgba(255,255,255,0);border-radius:4px;border-style:solid;border-width:1px;color:#ffffff;transition-duration:0.4s;\"><div class=\"flip-box-back-inner\">\n<p><a href=\"http:\/\/forest.it\/de\/?p=745\">Wir verwalten in Ihrem Namen all Jenes, das Personalmanagement, Anstellung neuer Mitarbeiter und die damit verbundenen Verfahren betrifft.<\/a><\/p>\n<\/div><\/div><\/div><\/div><\/div><div class=\"fusion-flip-box-wrapper fusion-column col-lg-6 col-md-6 col-sm-6\"><div class=\"fusion-flip-box flip-right\" tabindex=\"0\"><div class=\"flip-box-inner-wrapper\"><div class=\"flip-box-front\" style=\"background-color:#f6f6f6;border-color:rgba(255,255,255,0);border-radius:4px;border-style:solid;border-width:1px;color:#747474;transition-duration:0.4s;\"><div class=\"flip-box-front-inner\"><div class=\"flip-box-grafix flip-box-image\"><img src=\"http:\/\/forest.it\/wp-content\/uploads\/consulenza-per-privati-icone-forest-studio-di-commercialista-bolzano-ragionieri-commercialisti-ortisei-consulenti-del-lavoro-val-gardena-alto-adige.png\" width=\"100\" height=\"100\" alt=\"\" \/><\/div><h2 class=\"flip-box-heading without-text\" style=\"color:#333333;\">Mediation<\/h2><\/div><\/div><div class=\"flip-box-back\" style=\"background-color:#ab8b65;border-color:rgba(255,255,255,0);border-radius:4px;border-style:solid;border-width:1px;color:#ffffff;transition-duration:0.4s;\"><div class=\"flip-box-back-inner\">\n<div class=\"flip-box-back\">\n<div class=\"flip-box-back-inner\">\n<p><a href=\"http:\/\/forest.it\/de\/?p=748\">Die Mediation ist eine Institution f\u00fcr die Beilegung von Streitigkeiten.<\/a><\/p>\n<p><a href=\"http:\/\/forest.it\/de\/?p=748\">In einigen Disziplinen ist diese verbindlich und muss vor der R\u00fccksprache mit dem Richter vorgef\u00fchrt werden. Sie ist schnell, dauert maximal drei Monate und hat wesentlich geringeren Kosten als ein Prozess. <\/a><\/p>\n<\/div>\n<\/div>\n<\/div><\/div><\/div><\/div><\/div><\/div><div class=\"clearfix\"><\/div><div class=\"fusion-sep-clear\"><\/div><div class=\"fusion-separator fusion-has-icon fusion-full-width-sep\" style=\"margin-left: auto;margin-right: auto;margin-top:40px;margin-bottom:40px;width:100%;\"><div class=\"fusion-separator-border sep-double sep-solid\" style=\"border-color:#e0dede;border-top-width:1px;border-bottom-width:1px;\"><\/div><span class=\"icon-wrapper\" style=\"border-color:#e0dede;background-color:rgba(255,255,255,0);font-size:14px;width: 1.75em; height: 1.75em;border-width:1px;padding:1px;\"><i class=\" fa fa-chevron-down\" style=\"font-size: inherit;color:#e0dede;\" aria-hidden=\"true\"><\/i><\/span><div class=\"fusion-separator-border sep-double sep-solid\" style=\"border-color:#e0dede;border-top-width:1px;border-bottom-width:1px;\"><\/div><\/div><div class=\"fusion-sep-clear\"><\/div><div class=\"fusion-text fusion-text-1\"><h1 style=\"text-align: center;\" data-fontsize=\"34\" data-lineheight=\"47\">Unsere Dienstleistungen:<\/h1>\n<\/div><div class=\"fusion-clearfix\"><\/div><\/div><\/div><div class=\"fusion-layout-column fusion_builder_column fusion-builder-column-2 fusion_builder_column_1_3 1_3 fusion-one-third fusion-column-first\" style=\"width:30.6666%; margin-right: 4%;margin-top:0px;margin-bottom:20px;\"><div class=\"fusion-column-wrapper fusion-flex-column-wrapper-legacy\" style=\"background-position:left top;background-repeat:no-repeat;-webkit-background-size:cover;-moz-background-size:cover;-o-background-size:cover;background-size:cover;padding: 0px 0px 0px 0px;\"><ul class=\"fusion-checklist fusion-checklist-1\" style=\"font-size:13px;line-height:22.1px;\"><li class=\"fusion-li-item\"><span style=\"height:22.1px;width:22.1px;margin-right:9.1px;\" class=\"icon-wrapper circle-no\"><i class=\"fusion-li-icon fa fa-angle-right\" style=\"color:#bababa;\" aria-hidden=\"true\"><\/i><\/span><div class=\"fusion-li-item-content\" style=\"margin-left:31.2px;\">Unternehmensberatung<\/div><\/li>\n<li class=\"fusion-li-item\"><span style=\"height:22.1px;width:22.1px;margin-right:9.1px;\" class=\"icon-wrapper circle-no\"><i class=\"fusion-li-icon fa fa-angle-right\" style=\"color:#bababa;\" aria-hidden=\"true\"><\/i><\/span><div class=\"fusion-li-item-content\" style=\"margin-left:31.2px;\">Steuerberatung<\/div><\/li>\n<li class=\"fusion-li-item\"><span style=\"height:22.1px;width:22.1px;margin-right:9.1px;\" class=\"icon-wrapper circle-no\"><i class=\"fusion-li-icon fa fa-angle-right\" style=\"color:#bababa;\" aria-hidden=\"true\"><\/i><\/span><div class=\"fusion-li-item-content\" style=\"margin-left:31.2px;\">Beratung f\u00fcr Privatpersonen<\/div><\/li>\n<li class=\"fusion-li-item\"><span style=\"height:22.1px;width:22.1px;margin-right:9.1px;\" class=\"icon-wrapper circle-no\"><i class=\"fusion-li-icon fa fa-angle-right\" style=\"color:#bababa;\" aria-hidden=\"true\"><\/i><\/span><div class=\"fusion-li-item-content\" style=\"margin-left:31.2px;\">Buchhaltungsberatung<\/div><\/li>\n<li class=\"fusion-li-item\"><span style=\"height:22.1px;width:22.1px;margin-right:9.1px;\" class=\"icon-wrapper circle-no\"><i class=\"fusion-li-icon fa fa-angle-right\" style=\"color:#bababa;\" aria-hidden=\"true\"><\/i><\/span><div class=\"fusion-li-item-content\" style=\"margin-left:31.2px;\">Vorbereitung des Jahresbudget<\/div><\/li>\n<li class=\"fusion-li-item\"><span style=\"height:22.1px;width:22.1px;margin-right:9.1px;\" class=\"icon-wrapper circle-no\"><i class=\"fusion-li-icon fa fa-angle-right\" style=\"color:#bababa;\" aria-hidden=\"true\"><\/i><\/span><div class=\"fusion-li-item-content\" style=\"margin-left:31.2px;\">Elektronische Rechnungsausstellung und dessen Aufbewahrung<\/div><\/li>\n<li class=\"fusion-li-item\"><span style=\"height:22.1px;width:22.1px;margin-right:9.1px;\" class=\"icon-wrapper circle-no\"><i class=\"fusion-li-icon fa fa-angle-right\" style=\"color:#bababa;\" aria-hidden=\"true\"><\/i><\/span><div class=\"fusion-li-item-content\" style=\"margin-left:31.2px;\">Online Dienste<\/div><\/li>\n<li class=\"fusion-li-item\"><span style=\"height:22.1px;width:22.1px;margin-right:9.1px;\" class=\"icon-wrapper circle-no\"><i class=\"fusion-li-icon fa fa-angle-right\" style=\"color:#bababa;\" aria-hidden=\"true\"><\/i><\/span><div class=\"fusion-li-item-content\" style=\"margin-left:31.2px;\">Erstellung von Jahresabschl\u00fcssen<\/div><\/li><\/ul><div class=\"fusion-clearfix\"><\/div><\/div><\/div><div class=\"fusion-layout-column fusion_builder_column fusion-builder-column-3 fusion_builder_column_1_3 1_3 fusion-one-third\" style=\"width:30.6666%; margin-right: 4%;margin-top:0px;margin-bottom:20px;\"><div class=\"fusion-column-wrapper fusion-flex-column-wrapper-legacy\" style=\"background-position:left top;background-repeat:no-repeat;-webkit-background-size:cover;-moz-background-size:cover;-o-background-size:cover;background-size:cover;padding: 0px 0px 0px 0px;\"><ul class=\"fusion-checklist fusion-checklist-2\" style=\"font-size:13px;line-height:22.1px;\">\n<li class=\"fusion-li-item\"><span style=\"height:22.1px;width:22.1px;margin-right:9.1px;\" class=\"icon-wrapper circle-no\"><i class=\"fusion-li-icon fa fa-angle-right\" style=\"color:#bababa;\" aria-hidden=\"true\"><\/i><\/span><div class=\"fusion-li-item-content\" style=\"margin-left:31.2px;\">Beratung f\u00fcr Personalverwaltung<\/div><\/li>\n<li class=\"fusion-li-item\"><span style=\"height:22.1px;width:22.1px;margin-right:9.1px;\" class=\"icon-wrapper circle-no\"><i class=\"fusion-li-icon fa fa-angle-right\" style=\"color:#bababa;\" aria-hidden=\"true\"><\/i><\/span><div class=\"fusion-li-item-content\" style=\"margin-left:31.2px;\">Beratung f\u00fcr zus\u00e4tzliche Firmenvertr\u00e4ge<\/div><\/li>\n<li class=\"fusion-li-item\"><span style=\"height:22.1px;width:22.1px;margin-right:9.1px;\" class=\"icon-wrapper circle-no\"><i class=\"fusion-li-icon fa fa-angle-right\" style=\"color:#bababa;\" aria-hidden=\"true\"><\/i><\/span><div class=\"fusion-li-item-content\" style=\"margin-left:31.2px;\">Hilfestellung bei Gewerkschaftsstreitigkeiten<\/div><\/li>\n<li class=\"fusion-li-item\"><span style=\"height:22.1px;width:22.1px;margin-right:9.1px;\" class=\"icon-wrapper circle-no\"><i class=\"fusion-li-icon fa fa-angle-right\" style=\"color:#bababa;\" aria-hidden=\"true\"><\/i><\/span><div class=\"fusion-li-item-content\" style=\"margin-left:31.2px;\">innovative Startups<\/div><\/li>\n<li class=\"fusion-li-item\"><span style=\"height:22.1px;width:22.1px;margin-right:9.1px;\" class=\"icon-wrapper circle-no\"><i class=\"fusion-li-icon fa fa-angle-right\" style=\"color:#bababa;\" aria-hidden=\"true\"><\/i><\/span><div class=\"fusion-li-item-content\" style=\"margin-left:31.2px;\">Gesellschaftsberatung<\/div><\/li>\n<li class=\"fusion-li-item\"><span style=\"height:22.1px;width:22.1px;margin-right:9.1px;\" class=\"icon-wrapper circle-no\"><i class=\"fusion-li-icon fa fa-angle-right\" style=\"color:#bababa;\" aria-hidden=\"true\"><\/i><\/span><div class=\"fusion-li-item-content\" style=\"margin-left:31.2px;\">Handelsvertr\u00e4ge<\/div><\/li>\n<li class=\"fusion-li-item\"><span style=\"height:22.1px;width:22.1px;margin-right:9.1px;\" class=\"icon-wrapper circle-no\"><i class=\"fusion-li-icon fa fa-angle-right\" style=\"color:#bababa;\" aria-hidden=\"true\"><\/i><\/span><div class=\"fusion-li-item-content\" style=\"margin-left:31.2px;\">Annahme von Auftr\u00e4gen als technische Beratung<\/div><\/li>\n<li class=\"fusion-li-item\"><span style=\"height:22.1px;width:22.1px;margin-right:9.1px;\" class=\"icon-wrapper circle-no\"><i class=\"fusion-li-icon fa fa-angle-right\" style=\"color:#bababa;\" aria-hidden=\"true\"><\/i><\/span><div class=\"fusion-li-item-content\" style=\"margin-left:31.2px;\">Verwaltung von Streitigkeiten<\/div><\/li>\n<\/ul><div class=\"fusion-clearfix\"><\/div><\/div><\/div><div class=\"fusion-layout-column fusion_builder_column fusion-builder-column-4 fusion_builder_column_1_3 1_3 fusion-one-third fusion-column-last\" style=\"width:30.6666%;margin-top:0px;margin-bottom:20px;\"><div class=\"fusion-column-wrapper fusion-flex-column-wrapper-legacy\" style=\"background-position:left top;background-repeat:no-repeat;-webkit-background-size:cover;-moz-background-size:cover;-o-background-size:cover;background-size:cover;padding: 0px 0px 0px 0px;\"><ul class=\"fusion-checklist fusion-checklist-3\" style=\"font-size:13px;line-height:22.1px;\">\n<li class=\"fusion-li-item\"><span style=\"height:22.1px;width:22.1px;margin-right:9.1px;\" class=\"icon-wrapper circle-no\"><i class=\"fusion-li-icon fa fa-angle-right\" style=\"color:#bababa;\" aria-hidden=\"true\"><\/i><\/span><div class=\"fusion-li-item-content\" style=\"margin-left:31.2px;\">Au\u00dfergew\u00f6hnliche Verfahren und Unternehmens\u00fcbernahmen<\/div><\/li>\n<li class=\"fusion-li-item\"><span style=\"height:22.1px;width:22.1px;margin-right:9.1px;\" class=\"icon-wrapper circle-no\"><i class=\"fusion-li-icon fa fa-angle-right\" style=\"color:#bababa;\" aria-hidden=\"true\"><\/i><\/span><div class=\"fusion-li-item-content\" style=\"margin-left:31.2px;\">Verwaltung von Unternehmenskrisen<\/div><\/li>\n<li class=\"fusion-li-item\"><span style=\"height:22.1px;width:22.1px;margin-right:9.1px;\" class=\"icon-wrapper circle-no\"><i class=\"fusion-li-icon fa fa-angle-right\" style=\"color:#bababa;\" aria-hidden=\"true\"><\/i><\/span><div class=\"fusion-li-item-content\" style=\"margin-left:31.2px;\">Unternehmen-, Direktion- und Finanzberatung<\/div><\/li>\n<li class=\"fusion-li-item\"><span style=\"height:22.1px;width:22.1px;margin-right:9.1px;\" class=\"icon-wrapper circle-no\"><i class=\"fusion-li-icon fa fa-angle-right\" style=\"color:#bababa;\" aria-hidden=\"true\"><\/i><\/span><div class=\"fusion-li-item-content\" style=\"margin-left:31.2px;\">Begutachten und technische Beratung<\/div><\/li>\n<li class=\"fusion-li-item\"><span style=\"height:22.1px;width:22.1px;margin-right:9.1px;\" class=\"icon-wrapper circle-no\"><i class=\"fusion-li-icon fa fa-angle-right\" style=\"color:#bababa;\" aria-hidden=\"true\"><\/i><\/span><div class=\"fusion-li-item-content\" style=\"margin-left:31.2px;\">Betriebspr\u00fcfungen<\/div><\/li>\n<li class=\"fusion-li-item\"><span style=\"height:22.1px;width:22.1px;margin-right:9.1px;\" class=\"icon-wrapper circle-no\"><i class=\"fusion-li-icon fa fa-angle-right\" style=\"color:#bababa;\" aria-hidden=\"true\"><\/i><\/span><div class=\"fusion-li-item-content\" style=\"margin-left:31.2px;\">Verb\u00e4nde und Organisationen<\/div><\/li>\n<li class=\"fusion-li-item\"><span style=\"height:22.1px;width:22.1px;margin-right:9.1px;\" class=\"icon-wrapper circle-no\"><i class=\"fusion-li-icon fa fa-angle-right\" style=\"color:#bababa;\" aria-hidden=\"true\"><\/i><\/span><div class=\"fusion-li-item-content\" style=\"margin-left:31.2px;\">Buch- und Registerverwaltung<\/div><\/li>\n<li class=\"fusion-li-item\"><span style=\"height:22.1px;width:22.1px;margin-right:9.1px;\" class=\"icon-wrapper circle-no\"><i class=\"fusion-li-icon fa fa-angle-right\" style=\"color:#bababa;\" aria-hidden=\"true\"><\/i><\/span><div class=\"fusion-li-item-content\" style=\"margin-left:31.2px;\">Ausstellung von Konformit\u00e4tsnachweis<\/div><\/li><\/ul><div class=\"fusion-clearfix\"><\/div><\/div><\/div><\/div><\/div>\n","protected":false},"excerpt":{"rendered":"","protected":false},"author":1,"featured_media":0,"parent":0,"menu_order":0,"comment_status":"open","ping_status":"closed","template":"100-width.php","meta":{"footnotes":""},"yoast_head":"<!-- This site is optimized with the Yoast SEO plugin v21.0 - https:\/\/yoast.com\/wordpress\/plugins\/seo\/ -->\n<title>Studio Forest - Wirtschaftspr\u00fcfer und Steuerberater<\/title>\n<meta name=\"robots\" content=\"index, follow, max-snippet:-1, max-image-preview:large, max-video-preview:-1\" \/>\n<link rel=\"canonical\" href=\"https:\/\/www.forest.it\/de\" \/>\n<meta property=\"og:locale\" content=\"de_DE\" \/>\n<meta property=\"og:type\" content=\"article\" \/>\n<meta property=\"og:title\" content=\"Studio Forest - Wirtschaftspr\u00fcfer und Steuerberater\" \/>\n<meta property=\"og:url\" content=\"https:\/\/www.forest.it\/de\" \/>\n<meta property=\"og:site_name\" content=\"Studio Forest\" \/>\n<meta property=\"article:modified_time\" content=\"2018-10-17T17:53:25+00:00\" \/>\n<meta name=\"twitter:label1\" content=\"Gesch\u00e4tzte Lesezeit\" \/>\n\t<meta name=\"twitter:data1\" content=\"7\u00a0Minuten\" \/>\n<script type=\"application\/ld+json\" class=\"yoast-schema-graph\">{\"@context\":\"https:\/\/schema.org\",\"@graph\":[{\"@type\":\"WebPage\",\"@id\":\"https:\/\/www.forest.it\/de\",\"url\":\"https:\/\/www.forest.it\/de\",\"name\":\"Studio Forest - Wirtschaftspr\u00fcfer und Steuerberater\",\"isPartOf\":{\"@id\":\"https:\/\/www.forest.it\/#website\"},\"datePublished\":\"2016-02-21T12:51:36+00:00\",\"dateModified\":\"2018-10-17T17:53:25+00:00\",\"breadcrumb\":{\"@id\":\"https:\/\/www.forest.it\/de#breadcrumb\"},\"inLanguage\":\"de\",\"potentialAction\":[{\"@type\":\"ReadAction\",\"target\":[\"https:\/\/www.forest.it\/de\"]}]},{\"@type\":\"BreadcrumbList\",\"@id\":\"https:\/\/www.forest.it\/de#breadcrumb\",\"itemListElement\":[{\"@type\":\"ListItem\",\"position\":1,\"name\":\"Home\",\"item\":\"https:\/\/www.forest.it\/de\"},{\"@type\":\"ListItem\",\"position\":2,\"name\":\"Home DE\"}]},{\"@type\":\"WebSite\",\"@id\":\"https:\/\/www.forest.it\/#website\",\"url\":\"https:\/\/www.forest.it\/\",\"name\":\"Studio Forest\",\"description\":\"\",\"potentialAction\":[{\"@type\":\"SearchAction\",\"target\":{\"@type\":\"EntryPoint\",\"urlTemplate\":\"https:\/\/www.forest.it\/?s={search_term_string}\"},\"query-input\":\"required name=search_term_string\"}],\"inLanguage\":\"de\"}]}<\/script>\n<!-- \/ Yoast SEO plugin. -->","yoast_head_json":{"title":"Studio Forest - Wirtschaftspr\u00fcfer und Steuerberater","robots":{"index":"index","follow":"follow","max-snippet":"max-snippet:-1","max-image-preview":"max-image-preview:large","max-video-preview":"max-video-preview:-1"},"canonical":"https:\/\/www.forest.it\/de","og_locale":"de_DE","og_type":"article","og_title":"Studio Forest - Wirtschaftspr\u00fcfer und Steuerberater","og_url":"https:\/\/www.forest.it\/de","og_site_name":"Studio Forest","article_modified_time":"2018-10-17T17:53:25+00:00","twitter_misc":{"Gesch\u00e4tzte Lesezeit":"7\u00a0Minuten"},"schema":{"@context":"https:\/\/schema.org","@graph":[{"@type":"WebPage","@id":"https:\/\/www.forest.it\/de","url":"https:\/\/www.forest.it\/de","name":"Studio Forest - Wirtschaftspr\u00fcfer und Steuerberater","isPartOf":{"@id":"https:\/\/www.forest.it\/#website"},"datePublished":"2016-02-21T12:51:36+00:00","dateModified":"2018-10-17T17:53:25+00:00","breadcrumb":{"@id":"https:\/\/www.forest.it\/de#breadcrumb"},"inLanguage":"de","potentialAction":[{"@type":"ReadAction","target":["https:\/\/www.forest.it\/de"]}]},{"@type":"BreadcrumbList","@id":"https:\/\/www.forest.it\/de#breadcrumb","itemListElement":[{"@type":"ListItem","position":1,"name":"Home","item":"https:\/\/www.forest.it\/de"},{"@type":"ListItem","position":2,"name":"Home DE"}]},{"@type":"WebSite","@id":"https:\/\/www.forest.it\/#website","url":"https:\/\/www.forest.it\/","name":"Studio Forest","description":"","potentialAction":[{"@type":"SearchAction","target":{"@type":"EntryPoint","urlTemplate":"https:\/\/www.forest.it\/?s={search_term_string}"},"query-input":"required name=search_term_string"}],"inLanguage":"de"}]}},"_links":{"self":[{"href":"https:\/\/www.forest.it\/de\/wp-json\/wp\/v2\/pages\/728"}],"collection":[{"href":"https:\/\/www.forest.it\/de\/wp-json\/wp\/v2\/pages"}],"about":[{"href":"https:\/\/www.forest.it\/de\/wp-json\/wp\/v2\/types\/page"}],"author":[{"embeddable":true,"href":"https:\/\/www.forest.it\/de\/wp-json\/wp\/v2\/users\/1"}],"replies":[{"embeddable":true,"href":"https:\/\/www.forest.it\/de\/wp-json\/wp\/v2\/comments?post=728"}],"version-history":[{"count":5,"href":"https:\/\/www.forest.it\/de\/wp-json\/wp\/v2\/pages\/728\/revisions"}],"predecessor-version":[{"id":980,"href":"https:\/\/www.forest.it\/de\/wp-json\/wp\/v2\/pages\/728\/revisions\/980"}],"wp:attachment":[{"href":"https:\/\/www.forest.it\/de\/wp-json\/wp\/v2\/media?parent=728"}],"curies":[{"name":"wp","href":"https:\/\/api.w.org\/{rel}","templated":true}]}}